{"id":17,"date":"2018-09-01T14:16:25","date_gmt":"2018-09-01T12:16:25","guid":{"rendered":"http:\/\/viveret.pro\/?page_id=17"},"modified":"2018-09-01T17:36:27","modified_gmt":"2018-09-01T15:36:27","slug":"a-propos-de","status":"publish","type":"page","link":"https:\/\/viveret.pro\/index.php\/a-propos-de\/","title":{"rendered":"\u00c0 propos de"},"content":{"rendered":"<p>60 ans cette ann\u00e9e, je travaille essentiellement dans le d\u00e9veloppement d&rsquo;applications logicielles sous 4D.<\/p>\n<p>Je suis sp\u00e9cialis\u00e9 en informatique de gestion, ainsi que dans le domaine m\u00e9dical.<\/p>\n<p>Je suis en mesure de r\u00e9aliser des sites web personnalis\u00e9s, ainsi que la conception d&rsquo;\u00e9l\u00e9ments graphiques (interfaces, carterie, charte graphique\u2026).<\/p>\n","protected":false},"excerpt":{"rendered":"<p>60 ans cette ann\u00e9e, je travaille essentiellement dans le d\u00e9veloppement d&rsquo;applications logicielles sous 4D. Je suis sp\u00e9cialis\u00e9 en informatique de gestion, ainsi que dans le domaine m\u00e9dical. Je suis en mesure de r\u00e9aliser des sites web personnalis\u00e9s, ainsi que la conception d&rsquo;\u00e9l\u00e9ments graphiques (interfaces, carterie, charte graphique\u2026).<\/p>\n","protected":false},"author":1,"featured_media":54,"parent":0,"menu_order":0,"comment_status":"closed","ping_status":"closed","template":"","meta":{"footnotes":""},"_links":{"self":[{"href":"https:\/\/viveret.pro\/index.php\/wp-json\/wp\/v2\/pages\/17"}],"collection":[{"href":"https:\/\/viveret.pro\/index.php\/wp-json\/wp\/v2\/pages"}],"about":[{"href":"https:\/\/viveret.pro\/index.php\/wp-json\/wp\/v2\/types\/page"}],"author":[{"embeddable":true,"href":"https:\/\/viveret.pro\/index.php\/wp-json\/wp\/v2\/users\/1"}],"replies":[{"embeddable":true,"href":"https:\/\/viveret.pro\/index.php\/wp-json\/wp\/v2\/comments?post=17"}],"version-history":[{"count":2,"href":"https:\/\/viveret.pro\/index.php\/wp-json\/wp\/v2\/pages\/17\/revisions"}],"predecessor-version":[{"id":52,"href":"https:\/\/viveret.pro\/index.php\/wp-json\/wp\/v2\/pages\/17\/revisions\/52"}],"wp:featuredmedia":[{"embeddable":true,"href":"https:\/\/viveret.pro\/index.php\/wp-json\/wp\/v2\/media\/54"}],"wp:attachment":[{"href":"https:\/\/viveret.pro\/index.php\/wp-json\/wp\/v2\/media?parent=17"}],"curies":[{"name":"wp","href":"https:\/\/api.w.org\/{rel}","templated":true}]}}